{"id":2587,"date":"2025-07-04T07:25:02","date_gmt":"2025-07-04T07:25:02","guid":{"rendered":"https:\/\/www.itmet.it\/?page_id=2587"},"modified":"2025-07-04T07:25:02","modified_gmt":"2025-07-04T07:25:02","slug":"dichiarazione-di-accessibilita","status":"publish","type":"page","link":"https:\/\/www.itmet.it\/index.php\/dichiarazione-di-accessibilita\/","title":{"rendered":"Dichiarazione di accessibilit\u00e0"},"content":{"rendered":"<div class=\"fusion-fullwidth fullwidth-box fusion-builder-row-1 fusion-flex-container nonhundred-percent-fullwidth non-hundred-percent-height-scrolling\" style=\"--awb-border-radius-top-left:0px;--awb-border-radius-top-right:0px;--awb-border-radius-bottom-right:0px;--awb-border-radius-bottom-left:0px;\" ><div class=\"fusion-builder-row fusion-row fusion-flex-align-items-flex-start\" style=\"max-width:calc( 1200px + 80px );margin-left: calc(-80px \/ 2 );margin-right: calc(-80px \/ 2 );\"><div class=\"fusion-layout-column fusion_builder_column fusion-builder-column-0 fusion_builder_column_1_1 1_1 fusion-flex-column\" style=\"--awb-bg-size:cover;--awb-width-large:100%;--awb-margin-top-large:0px;--awb-spacing-right-large:40px;--awb-margin-bottom-large:0px;--awb-spacing-left-large:40px;--awb-width-medium:100%;--awb-spacing-right-medium:40px;--awb-spacing-left-medium:40px;--awb-width-small:100%;--awb-spacing-right-small:40px;--awb-spacing-left-small:40px;\"><div class=\"fusion-column-wrapper fusion-flex-justify-content-flex-start fusion-content-layout-column\"><div class=\"fusion-text fusion-text-1\"><div class=\"text-link section\">\n<section class=\"CS020-main spacingType first-element white-component white-white\" data-bg-color=\"white-component\">\n<div class=\"container\">\n<div class=\"main-wysiwyg\">\n<p>It.met Srl <b>sta adeguando i propri canali digitali<\/b>\u00a0ai requisiti di accessibilit\u00e0 previsti dalla normativa dettata in materia e ispirati ai valori del proprio codice etico.<\/p>\n<\/div>\n<\/div>\n<\/section>\n<\/div>\n<div class=\"text-link section\">\n<section class=\"CS020-main spacingType after-g003 white-component white-white\" data-bg-color=\"white-component\">\n<div class=\"container\">\n<div class=\"main-wysiwyg\">\n<h2>Stato di conformit\u00e0<\/h2>\n<\/div>\n<\/div>\n<\/section>\n<\/div>\n<div class=\"titolo-e-abstract-esteso section\">\n<section class=\"CSS02-title-main spacingType no-bottom white-component\" data-bg-color=\"white-component\">\n<div class=\"container\">\n<div class=\"container-title-abstract-extend\">\n<div class=\"row-abstract-utils\">\n<div class=\"container-abstract-button\">Questo sito web \u00e8 <b>parzialmente conforme<\/b> ai requisiti previsti dall&#8217;appendice A della norma UNI CEI EN 301549.<\/div>\n<\/div>\n<\/div>\n<\/div>\n<\/section>\n<\/div>\n<div class=\"titolo-e-abstract-esteso section\">\n<div>\n<section class=\"CSS02-title-main spacingType after-cs002-text no-bottom white-component\" data-bg-color=\"white-component\">\n<div class=\"container\">\n<div class=\"container-title-abstract-extend\">\n<div class=\"title-abstract-extend\"><\/div>\n<div class=\"main-wysiwyg aos-init aos-animate\" data-aos=\"fade-up\">\n<h2>Redazione della dichiarazione di accessibilit\u00e0<\/h2>\n<\/div>\n<\/div>\n<\/div>\n<\/section>\n<\/div>\n<\/div>\n<div class=\"titolo-e-abstract-esteso section\">\n<section class=\"CSS02-title-main spacingType after-cs002-text no-bottom white-component\" data-bg-color=\"white-component\">\n<div class=\"container\">\n<div class=\"container-title-abstract-extend\">\n<div class=\"row-abstract-utils\">\n<div class=\"container-abstract-button\">La presente dichiarazione \u00e8 stata redatta il 26\/06\/2025.<br \/>\nLa dichiarazione \u00e8 stata redatta sulla base di un&#8217;autovalutazione effettuata direttamente dal soggetto erogatore;<\/div>\n<\/div>\n<div class=\"main-wysiwyg aos-init aos-animate\" data-aos=\"fade-up\"><\/div>\n<\/div>\n<\/div>\n<\/section>\n<\/div>\n<div class=\"titolo-e-abstract-esteso section\">\n<div>\n<section class=\"CSS02-title-main spacingType after-cs002-text no-bottom white-component\" data-bg-color=\"white-component\">\n<div class=\"container\">\n<div class=\"container-title-abstract-extend\">\n<div class=\"title-abstract-extend\">\n<h2 class=\"h2-copy green-color\">Modalit\u00e0 di invio delle segnalazioni e recapiti del soggetto erogatore<\/h2>\n<\/div>\n<div class=\"row-abstract-utils\">\n<div class=\"container-abstract-button\">Le persone che necessitano di tecnologie assistive o di configurazioni particolari nella navigazione dei contenuti possono richiedere assistenza in merito all\u2019accessibilit\u00e0 e segnalare eventuali casi di non conformit\u00e0 all\u2019indirizzo e-mail \u202f<a href=\"mailto:info@itmet.it\">info@itmet.it.\u202f<\/a><\/div>\n<\/div>\n<div class=\"main-wysiwyg aos-init aos-animate\" data-aos=\"fade-up\">\n<p>Occorre riportare nel testo della mail, oltre alla segnalazione, le seguenti informazioni:<\/p>\n<ul>\n<li>URL del sito<\/li>\n<li>Strumenti in dotazione\u00a0(sistema operativo, browser ed eventuali strumenti compensativi e tecnologie assistive in dotazione)<\/li>\n<\/ul>\n<p>La risposta ad eventuali domande e segnalazioni avverr\u00e0\u00a0<b>entro 30 giorni dalla ricezione<\/b>.\u202fEventuali segnalazioni fuori dall\u2019ambito accessibilit\u00e0 non potranno essere gestite, quindi ti suggeriamo di rivolgerti ai contatti indicati nel sito della societ\u00e0 cui la segnalazione \u00e8 indirizzata.<\/p>\n<p>Il trattamento dati personali avverr\u00e0 come da\u00a0<a href=\"https:\/\/www.iubenda.com\/privacy-policy\/25545691\" target=\"_blank\" rel=\"noopener\">informativa privacy<\/a>.<\/p>\n<\/div>\n<\/div>\n<\/div>\n<\/section>\n<\/div>\n<\/div>\n<div class=\"titolo-e-abstract-esteso section\">\n<section class=\"CSS02-title-main spacingType after-cs002-text no-bottom white-component\" data-bg-color=\"white-component\">\n<div class=\"container\">\n<div class=\"container-title-abstract-extend\">\n<div class=\"title-abstract-extend\">\n<h2 class=\"h2-copy green-color\">Modalit\u00e0 di invio delle segnalazioni all\u2019AgID<\/h2>\n<\/div>\n<div class=\"row-abstract-utils\">\n<div class=\"container-abstract-button\">\n<p>In caso di risposta insoddisfacente o di mancata risposta, nel termine di trenta giorni, alla notifica o alla richiesta, l\u2019interessato pu\u00f2 inoltrare una segnalazione utilizzando il seguente link <a href=\"https:\/\/mcas-proxyweb.mcas.ms\/certificate-checker?login=false&amp;originalUrl=https%3A%2F%2Fwww.agid.gov.it.mcas.ms%2F%3FMcasTsid%3D20892&amp;McasCSRF=d1948dd9a26e72333cb7a5f75c961070918bcf9f7efd3cc14f8e6b4ed48cacc1\">https:\/\/www.agid.gov.it\/<\/a>.<\/p>\n<\/div>\n<\/div>\n<\/div>\n<\/div>\n<\/section>\n<\/div>\n<div class=\"titolo-e-abstract-esteso section\">\n<section class=\"CSS02-title-main spacingType after-cs002-text no-bottom white-component\" data-bg-color=\"white-component\">\n<div class=\"container\">\n<div class=\"container-title-abstract-extend\">\n<div class=\"title-abstract-extend\">\n<h2 class=\"h2-copy green-color\">Informazione sul sito<\/h2>\n<\/div>\n<div class=\"row-abstract-utils\">\n<div class=\"container-abstract-button\">\n<p>Sono stati effettuati <b>i test di usabilit\u00e0<\/b>? No<\/p>\n<\/div>\n<\/div>\n<div class=\"main-wysiwyg aos-init aos-animate\" data-aos=\"fade-up\">\n<h2>Informazioni sulla struttura<\/h2>\n<\/div>\n<\/div>\n<\/div>\n<\/section>\n<\/div>\n<div class=\"titolo-e-abstract-esteso section\">\n<section class=\"CSS02-title-main spacingType after-cs002-text last-element white-component\" data-bg-color=\"white-component\">\n<div class=\"container\">\n<div class=\"container-title-abstract-extend\">\n<div class=\"row-abstract-utils\">\n<div class=\"container-abstract-button\">Numero di <b>dipendenti con disabilit\u00e0<\/b> presenti nell&#8217;amministrazione: 0<\/div>\n<\/div>\n<div class=\"main-wysiwyg aos-init aos-animate\" data-aos=\"fade-up\">\n<p>Numero di\u00a0<b>postazioni di lavoro<\/b> per dipendenti con disabilit\u00e0: 0<\/p>\n<\/div>\n<\/div>\n<\/div>\n<\/section>\n<\/div>\n<\/div><\/div><\/div><\/div><\/div>\n","protected":false},"excerpt":{"rendered":"","protected":false},"author":2,"featured_media":0,"parent":0,"menu_order":0,"comment_status":"closed","ping_status":"closed","template":"100-width.php","meta":[],"_links":{"self":[{"href":"https:\/\/www.itmet.it\/index.php\/wp-json\/wp\/v2\/pages\/2587"}],"collection":[{"href":"https:\/\/www.itmet.it\/index.php\/wp-json\/wp\/v2\/pages"}],"about":[{"href":"https:\/\/www.itmet.it\/index.php\/wp-json\/wp\/v2\/types\/page"}],"author":[{"embeddable":true,"href":"https:\/\/www.itmet.it\/index.php\/wp-json\/wp\/v2\/users\/2"}],"replies":[{"embeddable":true,"href":"https:\/\/www.itmet.it\/index.php\/wp-json\/wp\/v2\/comments?post=2587"}],"version-history":[{"count":4,"href":"https:\/\/www.itmet.it\/index.php\/wp-json\/wp\/v2\/pages\/2587\/revisions"}],"predecessor-version":[{"id":2591,"href":"https:\/\/www.itmet.it\/index.php\/wp-json\/wp\/v2\/pages\/2587\/revisions\/2591"}],"wp:attachment":[{"href":"https:\/\/www.itmet.it\/index.php\/wp-json\/wp\/v2\/media?parent=2587"}],"curies":[{"name":"wp","href":"https:\/\/api.w.org\/{rel}","templated":true}]}}